{"id":4692,"date":"2023-06-16T15:36:55","date_gmt":"2023-06-16T13:36:55","guid":{"rendered":"https:\/\/www.xavifigueras.cat\/politica-de-accesibilidad\/"},"modified":"2025-11-03T15:39:03","modified_gmt":"2025-11-03T14:39:03","slug":"politica-de-accesibilidad","status":"publish","type":"page","link":"https:\/\/www.xavifigueras.cat\/es\/politica-de-accesibilidad\/","title":{"rendered":"Pol\u00edtica de accesibilidad"},"content":{"rendered":"\t\t<div data-elementor-type=\"wp-page\" data-elementor-id=\"4692\" class=\"elementor elementor-4692 elementor-325\" data-elementor-post-type=\"page\">\n\t\t\t\t<div class=\"elementor-element elementor-element-388be2b e-flex e-con-boxed e-con e-parent\" data-id=\"388be2b\" data-element_type=\"container\" data-e-type=\"container\">\n\t\t\t\t\t<div class=\"e-con-inner\">\n\t\t\t\t<div class=\"elementor-element elementor-element-494fd30 elementor-widget elementor-widget-heading\" data-id=\"494fd30\" data-element_type=\"widget\" data-e-type=\"widget\" data-widget_type=\"heading.default\">\n\t\t\t\t<div class=\"elementor-widget-container\">\n\t\t\t\t\t<h1 class=\"elementor-heading-title elementor-size-default\">POL\u00cdTICA DE ACCESIBILIDAD<\/h1>\t\t\t\t<\/div>\n\t\t\t\t<\/div>\n\t\t\t\t<div class=\"elementor-element elementor-element-829b1e9 elementor-widget elementor-widget-text-editor\" data-id=\"829b1e9\" data-element_type=\"widget\" data-e-type=\"widget\" data-widget_type=\"text-editor.default\">\n\t\t\t\t<div class=\"elementor-widget-container\">\n\t\t\t\t\t\t\t\t\tLa empresa  <strong><\/strong>  se ha comprometido a hacer accesible su sitio web conforme al Real Decreto 1112\/2018, de 7 de septiembre, sobre accesibilidad de los sitios web y aplicaciones para dispositivos m\u00f3viles del sector p\u00fablico, o desarrollos financiados desde Europa.\n\nLa presente declaraci\u00f3n de accesibilidad se aplica al sitio web  <strong><\/strong>  excluyendo los contenidos incrustados provenientes de otros dominios.\n<br><br><strong>Situaci\u00f3n de cumplimiento<\/strong><br><br>Este sitio web es parcialmente conforme al RD 1112\/2018 debido a la falta de conformidad de los aspectos que se indican a continuaci\u00f3n.\n<br><br><strong>Contenido no accesible<\/strong><br><br>\nEl contenido que se recoge a continuaci\u00f3n no es accesible por los siguientes motivos:\n<ul>\n \t<li>Falta de conformidad:<\/li>\n \t<li>Pueden existir algunas im\u00e1genes cuya alternativa de texto no est\u00e9 implementada o no sea correcta \u2013 Requisito 9.1.1.1 Contenido no textual UNE-EN 301549:2022<\/li>\n \t<li>En los formularios, puede haber campos que no se hayan facilitado para su cumplimentaci\u00f3n a trav\u00e9s de sistemas autom\u00e1ticos \u2013 Requisito 9.1.3.5 Identificar el prop\u00f3sito de la entrada UNE-EN 301549:2022<\/li>\n \t<li>Puede haber elementos cuyo contraste no sea suficiente en algunas p\u00e1ginas \u2013 Requisito 9.1.4.3 Contraste UNE-EN 301549:2020<\/li>\n \t<li>Puede haber campos de formulario donde su etiqueta no sea correcta o no exista \u2013 Requisito 9.3.3.2 Etiquetas o instrucciones UNE-EN 301549:2022<\/li>\n \t<li>Pueden existir algunos errores de parseo en el c\u00f3digo \u2013 Requisito 9.4.1.1 Procesamiento UNE-EN 301549:2022<\/li>\n \t<li>Podr\u00edan existir errores puntuales de edici\u00f3n en alguna p\u00e1gina web.<\/li>\n \t<li>Carga desproporcionada: No resulta aplicable.<\/li>\n \t<li>El contenido no entra dentro del \u00e1mbito de la legislaci\u00f3n aplicable.\n Podr\u00edan existir archivos ofim\u00e1ticos en PDF u otros formatos publicados antes del 20 de septiembre de 2018 que no cumplan en su totalidad todos los requisitos de accesibilidad.\n Puede haber contenidos de terceros que no hayan sido desarrollados por esta Unidad, ni bajo su control, como ficheros ofim\u00e1ticos de diferentes organismos que deban publicarse en este sitio.<\/li>\n<\/ul><br><br><strong>Observaciones y datos de contacto<\/strong><br><br><ul>\n \t<li>Puede realizar comunicaciones sobre requisitos de accesibilidad [art\u00edculo 10.2.a) del RD 1112\/2018], como por ejemplo:\n Informar sobre cualquier posible incumplimiento por parte de este sitio web.<\/li>\n \t<li>Transmitir otras dificultades de acceso al contenido.<\/li>\n \t<li>Formular cualquier otra consulta o sugerencia de mejora relativa a la accesibilidad del sitio web a trav\u00e9s del siguiente correo electr\u00f3nico:<strong><\/strong> o llamando al tel\u00e9fono<strong><\/strong> de 9 a 14 horas de lunes a viernes.<\/li>\n<\/ul><br><br><strong>Puede presentar:<\/strong><br><br><ul>\n \t<li>Una queja relativa al cumplimiento de los requisitos del RD 1112\/2018<\/li>\n \t<li>Una solicitud de informaci\u00f3n accesible relativa a:\n<ul>\n \t<li>Contenidos que est\u00e1n excluidos del \u00e1mbito de aplicaci\u00f3n del RD 1112\/2018 seg\u00fan lo que establece el art\u00edculo 3, apartado 4.<\/li>\n \t<li>Contenidos que est\u00e1n exentos del cumplimiento de los requisitos de accesibilidad para imponer carga desproporcionada.<\/li>\n<\/ul>\n<\/li>\n<\/ul><br>En la solicitud de informaci\u00f3n accesible, debe concretarse con toda claridad los hechos, razones y petici\u00f3n que permitan constatar que se trata de una solicitud razonable y leg\u00edtima.\t\t\t\t\t\t\t\t<\/div>\n\t\t\t\t<\/div>\n\t\t\t\t\t<\/div>\n\t\t\t\t<\/div>\n\t\t\t\t<\/div>\n\t\t","protected":false},"excerpt":{"rendered":"<p>POL\u00cdTICA DE ACCESIBILIDAD La empresa se ha comprometido a hacer accesible su sitio web conforme al Real Decreto 1112\/2018, de 7 de septiembre, sobre accesibilidad de los sitios web y aplicaciones para dispositivos m\u00f3viles del sector p\u00fablico, o desarrollos financiados desde Europa. La presente declaraci\u00f3n de accesibilidad se aplica al sitio web excluyendo los contenidos [&hellip;]<\/p>\n","protected":false},"author":3,"featured_media":0,"parent":0,"menu_order":0,"comment_status":"closed","ping_status":"closed","template":"","meta":{"_acf_changed":false,"inline_featured_image":false,"footnotes":""},"class_list":["post-4692","page","type-page","status-publish","hentry"],"acf":[],"yoast_head":"<!-- This site is optimized with the Yoast SEO plugin v27.4 - https:\/\/yoast.com\/product\/yoast-seo-wordpress\/ -->\n<title>\u25b7Pol\u00edtica de accesibilidad - \u3010 Xavi Figueras \u3011<\/title>\n<meta name=\"description\" content=\"POL\u00cdTICA DE ACCESIBILIDAD La empresa se ha comprometido a hacer accesible su sitio web conforme al Real Decreto 1112\/2018, de 7 de septiembre, sobre \u2713\" \/>\n<meta name=\"robots\" content=\"noindex, nofollow\" \/>\n<meta property=\"og:locale\" content=\"es_ES\" \/>\n<meta property=\"og:type\" content=\"article\" \/>\n<meta property=\"og:title\" content=\"\u25b7Pol\u00edtica de accesibilidad - \u3010 Xavi Figueras \u3011\" \/>\n<meta property=\"og:description\" content=\"POL\u00cdTICA DE ACCESIBILIDAD La empresa se ha comprometido a hacer accesible su sitio web conforme al Real Decreto 1112\/2018, de 7 de septiembre, sobre \u2713\" \/>\n<meta property=\"og:url\" content=\"https:\/\/www.xavifigueras.cat\/es\/politica-de-accesibilidad\/\" \/>\n<meta property=\"og:site_name\" content=\"Xavi Figueras\" \/>\n<meta property=\"article:modified_time\" content=\"2025-11-03T14:39:03+00:00\" \/>\n<meta name=\"twitter:card\" content=\"summary_large_image\" \/>\n<meta name=\"twitter:label1\" content=\"Tiempo de lectura\" \/>\n\t<meta name=\"twitter:data1\" content=\"2 minutos\" \/>\n<script type=\"application\/ld+json\" class=\"yoast-schema-graph\">{\"@context\":\"https:\\\/\\\/schema.org\",\"@graph\":[{\"@type\":\"WebPage\",\"@id\":\"https:\\\/\\\/www.xavifigueras.cat\\\/es\\\/politica-de-accesibilidad\\\/\",\"url\":\"https:\\\/\\\/www.xavifigueras.cat\\\/es\\\/politica-de-accesibilidad\\\/\",\"name\":\"\u25b7Pol\u00edtica de accesibilidad - \u3010 Xavi Figueras \u3011\",\"isPartOf\":{\"@id\":\"https:\\\/\\\/www.xavifigueras.cat\\\/es\\\/#website\"},\"datePublished\":\"2023-06-16T13:36:55+00:00\",\"dateModified\":\"2025-11-03T14:39:03+00:00\",\"description\":\"POL\u00cdTICA DE ACCESIBILIDAD La empresa se ha comprometido a hacer accesible su sitio web conforme al Real Decreto 1112\\\/2018, de 7 de septiembre, sobre \u2713\",\"breadcrumb\":{\"@id\":\"https:\\\/\\\/www.xavifigueras.cat\\\/es\\\/politica-de-accesibilidad\\\/#breadcrumb\"},\"inLanguage\":\"es\",\"potentialAction\":[{\"@type\":\"ReadAction\",\"target\":[\"https:\\\/\\\/www.xavifigueras.cat\\\/es\\\/politica-de-accesibilidad\\\/\"]}]},{\"@type\":\"BreadcrumbList\",\"@id\":\"https:\\\/\\\/www.xavifigueras.cat\\\/es\\\/politica-de-accesibilidad\\\/#breadcrumb\",\"itemListElement\":[{\"@type\":\"ListItem\",\"position\":1,\"name\":\"Portada\",\"item\":\"https:\\\/\\\/www.xavifigueras.cat\\\/es\\\/hombre\\\/\"},{\"@type\":\"ListItem\",\"position\":2,\"name\":\"Pol\u00edtica de accesibilidad\"}]},{\"@type\":\"WebSite\",\"@id\":\"https:\\\/\\\/www.xavifigueras.cat\\\/es\\\/#website\",\"url\":\"https:\\\/\\\/www.xavifigueras.cat\\\/es\\\/\",\"name\":\"Xavi Figueras\",\"description\":\"Xavi Figueras\",\"publisher\":{\"@id\":\"https:\\\/\\\/www.xavifigueras.cat\\\/es\\\/#organization\"},\"potentialAction\":[{\"@type\":\"SearchAction\",\"target\":{\"@type\":\"EntryPoint\",\"urlTemplate\":\"https:\\\/\\\/www.xavifigueras.cat\\\/es\\\/?s={search_term_string}\"},\"query-input\":{\"@type\":\"PropertyValueSpecification\",\"valueRequired\":true,\"valueName\":\"search_term_string\"}}],\"inLanguage\":\"es\"},{\"@type\":\"Organization\",\"@id\":\"https:\\\/\\\/www.xavifigueras.cat\\\/es\\\/#organization\",\"name\":\"Xavi Figueras\",\"url\":\"https:\\\/\\\/www.xavifigueras.cat\\\/es\\\/\",\"logo\":{\"@type\":\"ImageObject\",\"inLanguage\":\"es\",\"@id\":\"https:\\\/\\\/www.xavifigueras.cat\\\/es\\\/#\\\/schema\\\/logo\\\/image\\\/\",\"url\":\"https:\\\/\\\/www.xavifigueras.cat\\\/wp-content\\\/uploads\\\/2025\\\/09\\\/SEGELLBN-2.png\",\"contentUrl\":\"https:\\\/\\\/www.xavifigueras.cat\\\/wp-content\\\/uploads\\\/2025\\\/09\\\/SEGELLBN-2.png\",\"width\":1077,\"height\":1095,\"caption\":\"Xavi Figueras\"},\"image\":{\"@id\":\"https:\\\/\\\/www.xavifigueras.cat\\\/es\\\/#\\\/schema\\\/logo\\\/image\\\/\"}}]}<\/script>\n<!-- \/ Yoast SEO plugin. -->","yoast_head_json":{"title":"\u25b7Pol\u00edtica de accesibilidad - \u3010 Xavi Figueras \u3011","description":"POL\u00cdTICA DE ACCESIBILIDAD La empresa se ha comprometido a hacer accesible su sitio web conforme al Real Decreto 1112\/2018, de 7 de septiembre, sobre \u2713","robots":{"index":"noindex","follow":"nofollow"},"og_locale":"es_ES","og_type":"article","og_title":"\u25b7Pol\u00edtica de accesibilidad - \u3010 Xavi Figueras \u3011","og_description":"POL\u00cdTICA DE ACCESIBILIDAD La empresa se ha comprometido a hacer accesible su sitio web conforme al Real Decreto 1112\/2018, de 7 de septiembre, sobre \u2713","og_url":"https:\/\/www.xavifigueras.cat\/es\/politica-de-accesibilidad\/","og_site_name":"Xavi Figueras","article_modified_time":"2025-11-03T14:39:03+00:00","twitter_card":"summary_large_image","twitter_misc":{"Tiempo de lectura":"2 minutos"},"schema":{"@context":"https:\/\/schema.org","@graph":[{"@type":"WebPage","@id":"https:\/\/www.xavifigueras.cat\/es\/politica-de-accesibilidad\/","url":"https:\/\/www.xavifigueras.cat\/es\/politica-de-accesibilidad\/","name":"\u25b7Pol\u00edtica de accesibilidad - \u3010 Xavi Figueras \u3011","isPartOf":{"@id":"https:\/\/www.xavifigueras.cat\/es\/#website"},"datePublished":"2023-06-16T13:36:55+00:00","dateModified":"2025-11-03T14:39:03+00:00","description":"POL\u00cdTICA DE ACCESIBILIDAD La empresa se ha comprometido a hacer accesible su sitio web conforme al Real Decreto 1112\/2018, de 7 de septiembre, sobre \u2713","breadcrumb":{"@id":"https:\/\/www.xavifigueras.cat\/es\/politica-de-accesibilidad\/#breadcrumb"},"inLanguage":"es","potentialAction":[{"@type":"ReadAction","target":["https:\/\/www.xavifigueras.cat\/es\/politica-de-accesibilidad\/"]}]},{"@type":"BreadcrumbList","@id":"https:\/\/www.xavifigueras.cat\/es\/politica-de-accesibilidad\/#breadcrumb","itemListElement":[{"@type":"ListItem","position":1,"name":"Portada","item":"https:\/\/www.xavifigueras.cat\/es\/hombre\/"},{"@type":"ListItem","position":2,"name":"Pol\u00edtica de accesibilidad"}]},{"@type":"WebSite","@id":"https:\/\/www.xavifigueras.cat\/es\/#website","url":"https:\/\/www.xavifigueras.cat\/es\/","name":"Xavi Figueras","description":"Xavi Figueras","publisher":{"@id":"https:\/\/www.xavifigueras.cat\/es\/#organization"},"potentialAction":[{"@type":"SearchAction","target":{"@type":"EntryPoint","urlTemplate":"https:\/\/www.xavifigueras.cat\/es\/?s={search_term_string}"},"query-input":{"@type":"PropertyValueSpecification","valueRequired":true,"valueName":"search_term_string"}}],"inLanguage":"es"},{"@type":"Organization","@id":"https:\/\/www.xavifigueras.cat\/es\/#organization","name":"Xavi Figueras","url":"https:\/\/www.xavifigueras.cat\/es\/","logo":{"@type":"ImageObject","inLanguage":"es","@id":"https:\/\/www.xavifigueras.cat\/es\/#\/schema\/logo\/image\/","url":"https:\/\/www.xavifigueras.cat\/wp-content\/uploads\/2025\/09\/SEGELLBN-2.png","contentUrl":"https:\/\/www.xavifigueras.cat\/wp-content\/uploads\/2025\/09\/SEGELLBN-2.png","width":1077,"height":1095,"caption":"Xavi Figueras"},"image":{"@id":"https:\/\/www.xavifigueras.cat\/es\/#\/schema\/logo\/image\/"}}]}},"_links":{"self":[{"href":"https:\/\/www.xavifigueras.cat\/es\/wp-json\/wp\/v2\/pages\/4692","targetHints":{"allow":["GET"]}}],"collection":[{"href":"https:\/\/www.xavifigueras.cat\/es\/wp-json\/wp\/v2\/pages"}],"about":[{"href":"https:\/\/www.xavifigueras.cat\/es\/wp-json\/wp\/v2\/types\/page"}],"author":[{"embeddable":true,"href":"https:\/\/www.xavifigueras.cat\/es\/wp-json\/wp\/v2\/users\/3"}],"replies":[{"embeddable":true,"href":"https:\/\/www.xavifigueras.cat\/es\/wp-json\/wp\/v2\/comments?post=4692"}],"version-history":[{"count":1,"href":"https:\/\/www.xavifigueras.cat\/es\/wp-json\/wp\/v2\/pages\/4692\/revisions"}],"predecessor-version":[{"id":4693,"href":"https:\/\/www.xavifigueras.cat\/es\/wp-json\/wp\/v2\/pages\/4692\/revisions\/4693"}],"wp:attachment":[{"href":"https:\/\/www.xavifigueras.cat\/es\/wp-json\/wp\/v2\/media?parent=4692"}],"curies":[{"name":"wp","href":"https:\/\/api.w.org\/{rel}","templated":true}]}}